{"id":501,"date":"2015-07-17T14:20:38","date_gmt":"2015-07-17T12:20:38","guid":{"rendered":"http:\/\/lions-provins.com\/WP\/?page_id=501"},"modified":"2015-07-17T17:24:07","modified_gmt":"2015-07-17T15:24:07","slug":"le-lions-fondations","status":"publish","type":"page","link":"https:\/\/lions-provins.com\/WP\/le-lions-fondations\/","title":{"rendered":"Le lions &#038; fondations"},"content":{"rendered":"<div style=\"background-color: yellow;\"><span style=\"text-decoration: underline;\">LES DATES CL\u00c9S DU LIONISME<\/span><br \/>\n<b>1917<\/b> : la notion de \u00ab\u00a0Club Service\u00a0\u00bb appara\u00eet.<br \/>\nMelvin JONES, agent d&rsquo;assurance de 38 ans, parvient \u00e0 convaincre les dirigeants des 200 plus importantes soci\u00e9t\u00e9s de Chicago (Illinois) de concr\u00e9tiser une id\u00e9e simple : venir en aide \u00e0 la communaut\u00e9 locale. Ils choisissent pour embl\u00e8me le lion, symbolisant force et courage.<\/div>\n<div style=\"background-color: yellow;\"><b>1920<\/b> : le Lionisme se structure.Des Clubs similaires se cr\u00e9ent dans tous les Etats am\u00e9ricains, puis au Canada, au Mexique et \u00e0 Cuba. Les Clubs retiennent alors l&rsquo;appellation LIONS CLUBS International et d\u00e9finissent l&rsquo;acronyme \u00ab\u00a0LIONS\u00a0\u00bb par \u00ab\u00a0Liberty and Intelligence are Our Nations&rsquo; Safety\u00a0\u00bb (la libert\u00e9 et la compr\u00e9hension sont la sauvegarde de nos nations). Ils adoptent la devise \u00ab\u00a0We Serve\u00a0\u00bb (nous servons).<\/div>\n<div style=\"background-color: yellow;\"><b>1925<\/b> : la priorit\u00e9 est donn\u00e9e aux mal-voyants.Suite \u00e0 un vibrant plaidoyer d&rsquo;Helen KELLER en faveur de l&rsquo;int\u00e9gration des handicap\u00e9s dans la Soci\u00e9t\u00e9, la lutte contre les d\u00e9ficits visuels est d\u00e9cr\u00e9t\u00e9e \u00ab action prioritaire \u00bb de l&rsquo;ensemble des Clubs.<\/div>\n<div style=\"background-color: yellow;\"><b>1948<\/b> : le Lionisme traverse l&rsquo;Atlantique.<\/div>\n<div style=\"background-color: yellow;\">Paris Doyen &#8211; 1er Club Fran\u00e7ais \u2013 est cr\u00e9\u00e9 le 13 octobre.<\/div>\n<p><img decoding=\"async\" src=\"images\/Lions_montlhery_humaine.jpg\" alt=\"\" \/><\/p>\n<div style=\"background-color: red;\">\n<p>Implant\u00e9 dans 200 pays ou territoires, le LIONS CLUBS INTERNATIONAL compte pr\u00e8s de 1.350.000 membres au sein de 45.000 Clubs, assure une collecte annuelle de fonds \u00e0 hauteur de 900 millions de dollars am\u00e9ricains, est dot\u00e9 du statut consultatif aupr\u00e8s de l&rsquo;ONU, l&rsquo;UNESCO, l&rsquo;UNICEF et l&rsquo;OMS et constitue, au plan mondial, la plus importante ONG (Organisation Non Gouvernementale).Les Clubs accueillent des hommes et des femmes de toutes origines sociales, sans distinction ethnique, politique ou religieuse, dont la volont\u00e9 commune est de s&rsquo;engager dans des actions humanitaires, culturelles et sociales afin d&rsquo;y obtenir des r\u00e9sultats concrets au service de la communaut\u00e9, et en particulier :<\/p>\n<ul>\n<li>Cr\u00e9er et d\u00e9velopper un esprit de compr\u00e9hension entre les peuples,<\/li>\n<li>Promouvoir les principes de bon gouvernement et de civisme,<\/li>\n<li>S&rsquo;int\u00e9resser activement au bien-\u00eatre civique, culturel, social et moral de la Communaut\u00e9,<\/li>\n<li>Unir les membres des Clubs par des liens d&rsquo;amiti\u00e9, de camaraderie et de compr\u00e9hension mutuelle,<\/li>\n<li>Cr\u00e9er un forum pour la pleine et libre discussion de tous les sujets d&rsquo;int\u00e9r\u00eat g\u00e9n\u00e9ral.<\/li>\n<\/ul>\n<p>Les LIONS de France r\u00e9coltent annuellement &#8211; et redistribuent int\u00e9gralement &#8211; plus de 18 M\u20ac de dons, gr\u00e2ce aux 30.000 b\u00e9n\u00e9voles qui, dans 1.250 Clubs, consacrent du temps \u00e0 servir la communaut\u00e9.<br \/>\nLa Fondation des Lions de France &#8211; reconnue d&rsquo;utilit\u00e9 publique en 1989 et actuellement dot\u00e9e de 1,7 M\u20ac &#8211; est habilit\u00e9e \u00e0 d\u00e9livrer un re\u00e7u fiscal pour tout don de particulier ou d&rsquo;entreprise.\n<\/p><\/div>\n<p><a href=\"http:\/\/www.lions-france.org\/wp-lions\/\" target=\"_blank\"><img decoding=\"async\" src=\"images\/Lions_montlhery_lionlogo_2c.png\" alt=\"LOGO renvoi\" \/><\/a><\/p>\n<div style=\"background-color: olive;\">\n<p><span style=\"color: #ffffff;\">Sans consid\u00e9ration d\u2019ethnie, de religion ou de politique, les Lions interviennent aux niveaux local, r\u00e9gional, national et international afin d\u2019apporter des solutions concr\u00e8tes \u00e0 des probl\u00e9matiques sociales, m\u00e9dicales, \u00e9ducatives et environnementales.<\/span><span style=\"color: #ffffff;\">Les campagnes de collecte de fonds permettent, gr\u00e2ce \u00e0 l\u2019engagement des Lions, de lancer des programmes de grande envergure. Des causes qui font sens mobilisent ses membres qui organisent, promeuvent et animent les 5 000 manifestations annuelles propos\u00e9es dans l\u2019Hexagone.<\/span><span style=\"color: #ffffff;\">Ces actes concrets visent \u00e0 apporter soutien et \u00e9coute aux plus d\u00e9munis et \u00e0 am\u00e9liorer leur vie.<\/span><span style=\"color: #ffffff;\">Encourager le civisme, la compr\u00e9hension entre les peuples, \u00eatre fid\u00e8le au code de d\u00e9ontologie du club, participer \u00e0 une plate-forme de libre discussion sur tous les sujets d\u2019int\u00e9r\u00eat commun, favoriser la fraternisation et la convivialit\u00e9 entre les clubs, telles sont les grandes missions que chaque Lion remplit afin d\u2019\u00eatre utile au plus grand nombre.<\/span><\/p>\n<p><span style=\"color: #ffffff;\">Partout o\u00f9 les Lions interviennent, ils instaurent des liens d&rsquo;amiti\u00e9&#8230; souvent avec des personnes qu\u2019ils n\u2019auraient peut-\u00eatre jamais eu l&rsquo;occasion de rencontrer.<\/span><\/p>\n<\/div>\n<p><img decoding=\"async\" src=\"images\/Lions_montlhery_aider.jpg\" alt=\"logo image\" \/><\/p>\n<div style=\"background-color: yellow;\">\n<p><span style=\"color: #00529b; font-weight: bold; text-decoration: underline;\">CHIFFRES-CL\u00c9S EN FRANCE<\/span><\/p>\n<ul>\n<ul>\n<li>27 300 Lions, 1 218 Lions Clubs<\/li>\n<li>1 400 000 heures de b\u00e9n\u00e9volat en 2014<\/li>\n<\/ul>\n<\/ul>\n<p><span style=\"font-size: 12px;\">(soit l\u2019\u00e9quivalent du travail accompli par une entreprise de 750 salari\u00e9s \u00e0 plein temps)<\/span><\/p>\n<ul>\n<li>5 000 manifestations organis\u00e9es chaque ann\u00e9e<\/li>\n<li>20 M\u20ac collect\u00e9s par les Lions en 2014<\/li>\n<li>4 M\u20ac de dons en faveur de l\u2019enfance et de la jeunesse en 2014<\/li>\n<li>200 centres d\u2019accueil Alzheimer ouverts en France<\/li>\n<li>20 000 Lions derri\u00e8re les t\u00e9l\u00e9phones du T\u00e9l\u00e9thon chaque ann\u00e9e<\/li>\n<\/ul>\n<\/div>\n<p><a href=\"http:\/\/fondation.lions-france.org\/\" target=\"_blank\"><img decoding=\"async\" src=\"images\/Lions_montlhery_logo_fondation.png\" alt=\" logo renvoi\" \/><\/a><\/p>\n<div style=\"background-color: olive;\">\n<p><span style=\"color: #ffffff;\">La Fondation n\u2019aide que les projets soutenus par des clubs Lions. Les particuliers ou associations ne sont jamais directement aid\u00e9s. \u00c0 eux de trouver \u00e9ventuellement un club qui s\u2019engage dans leurs projets.<\/span><span style=\"color: #ffffff;\">La FONDATION DES LIONS de France offre aux donateurs et testateurs, ainsi qu\u2019aux membres des LIONS CLUBS la possibilit\u00e9 de participer au financement des \u0153uvres humanitaires initi\u00e9es et soutenues par le LIONS CLUBS entrant dans les objectifs statutaires suivants :<\/span><\/p>\n<ul>\n<li><span style=\"color: #ffffff;\">Aide aux malvoyants et pr\u00e9vention de la c\u00e9cit\u00e9<\/span><\/li>\n<li><span style=\"color: #ffffff;\">Aide aux sourds et malentendants<\/span><\/li>\n<li><span style=\"color: #ffffff;\">Aide aux personnes \u00e2g\u00e9es<\/span><\/li>\n<li><span style=\"color: #ffffff;\">Aide aux handicap\u00e9s<\/span><\/li>\n<li><span style=\"color: #ffffff;\">Aide en la jeunesse en difficult\u00e9<\/span><\/li>\n<\/ul>\n<\/div>\n<p><span style=\"color: #ffffff;\">\u00a0<\/span><\/p>\n<p>&nbsp;<\/p>\n","protected":false},"excerpt":{"rendered":"<p>LES DATES CL\u00c9S DU LIONISME 1917 : la notion de \u00ab\u00a0Club Service\u00a0\u00bb appara\u00eet. Melvin JONES, agent d&rsquo;assurance de 38 ans, parvient \u00e0 convaincre les dirigeants des 200 plus importantes soci\u00e9t\u00e9s de Chicago (Illinois) de concr\u00e9tiser une id\u00e9e simple : venir en aide \u00e0 la communaut\u00e9 locale. Ils choisissent pour embl\u00e8me le lion, symbolisant force et &hellip; <a href=\"https:\/\/lions-provins.com\/WP\/le-lions-fondations\/\" class=\"more-link\">Continuer la lecture de <span class=\"screen-reader-text\">Le lions &#038; fondations<\/span> <span class=\"meta-nav\">&rarr;<\/span><\/a><\/p>\n","protected":false},"author":1,"featured_media":0,"parent":0,"menu_order":0,"comment_status":"closed","ping_status":"closed","template":"","meta":{"footnotes":""},"class_list":["post-501","page","type-page","status-publish","hentry"],"_links":{"self":[{"href":"https:\/\/lions-provins.com\/WP\/wp-json\/wp\/v2\/pages\/501","targetHints":{"allow":["GET"]}}],"collection":[{"href":"https:\/\/lions-provins.com\/WP\/wp-json\/wp\/v2\/pages"}],"about":[{"href":"https:\/\/lions-provins.com\/WP\/wp-json\/wp\/v2\/types\/page"}],"author":[{"embeddable":true,"href":"https:\/\/lions-provins.com\/WP\/wp-json\/wp\/v2\/users\/1"}],"replies":[{"embeddable":true,"href":"https:\/\/lions-provins.com\/WP\/wp-json\/wp\/v2\/comments?post=501"}],"version-history":[{"count":0,"href":"https:\/\/lions-provins.com\/WP\/wp-json\/wp\/v2\/pages\/501\/revisions"}],"wp:attachment":[{"href":"https:\/\/lions-provins.com\/WP\/wp-json\/wp\/v2\/media?parent=501"}],"curies":[{"name":"wp","href":"https:\/\/api.w.org\/{rel}","templated":true}]}}