{"id":19346,"date":"2025-07-09T13:38:19","date_gmt":"2025-07-09T11:38:19","guid":{"rendered":"https:\/\/lions-provins.com\/WP\/?page_id=19346"},"modified":"2025-07-09T16:29:53","modified_gmt":"2025-07-09T14:29:53","slug":"club-hier-aujourdhui","status":"publish","type":"page","link":"https:\/\/lions-provins.com\/WP\/club-hier-aujourdhui\/","title":{"rendered":"Le Club d&rsquo;hier \u00e0 aujourd&rsquo;hui"},"content":{"rendered":"\t\t<div data-elementor-type=\"wp-page\" data-elementor-id=\"19346\" class=\"elementor elementor-19346\">\n\t\t\t\t\t\t<section class=\"elementor-section elementor-top-section elementor-element elementor-element-615f0fa elementor-section-boxed elementor-section-height-default elementor-section-height-default\" data-id=\"615f0fa\" data-element_type=\"section\" data-e-type=\"section\">\n\t\t\t\t\t\t<div class=\"elementor-container elementor-column-gap-default\">\n\t\t\t\t\t<div class=\"elementor-column elementor-col-100 elementor-top-column elementor-element elementor-element-51a5c28\" data-id=\"51a5c28\" data-element_type=\"column\" data-e-type=\"column\">\n\t\t\t<div class=\"elementor-widget-wrap elementor-element-populated\">\n\t\t\t\t\t\t<div class=\"elementor-element elementor-element-6ddd6fa elementor-widget elementor-widget-heading\" data-id=\"6ddd6fa\" data-element_type=\"widget\" data-e-type=\"widget\" data-widget_type=\"heading.default\">\n\t\t\t\t<div class=\"elementor-widget-container\">\n\t\t\t\t\t<h2 class=\"elementor-heading-title elementor-size-default\">Les fondateurs du Lions Club de Provins<\/h2>\t\t\t\t<\/div>\n\t\t\t\t<\/div>\n\t\t\t\t\t<\/div>\n\t\t<\/div>\n\t\t\t\t\t<\/div>\n\t\t<\/section>\n\t\t\t\t<section class=\"elementor-section elementor-top-section elementor-element elementor-element-166139a elementor-section-boxed elementor-section-height-default elementor-section-height-default\" data-id=\"166139a\" data-element_type=\"section\" data-e-type=\"section\">\n\t\t\t\t\t\t<div class=\"elementor-container elementor-column-gap-default\">\n\t\t\t\t\t<div class=\"elementor-column elementor-col-100 elementor-top-column elementor-element elementor-element-819dfd4\" data-id=\"819dfd4\" data-element_type=\"column\" data-e-type=\"column\">\n\t\t\t<div class=\"elementor-widget-wrap elementor-element-populated\">\n\t\t\t\t\t\t<div class=\"elementor-element elementor-element-161526b elementor-widget elementor-widget-html\" data-id=\"161526b\" data-element_type=\"widget\" data-e-type=\"widget\" data-widget_type=\"html.default\">\n\t\t\t\t<div class=\"elementor-widget-container\">\n\t\t\t\t\t\n<table width=\"31%\" border=\"5\" cellspacing=\"001395\" bordercolor=\"#001395\" BGCOLOR=\"#bbbb00\">\n<col style=\"width: 122pt;\" width=\"163\">\n<tbody><tr>\n      <td width=\"50%\" class=\"xl24\" style=\"height: 20.1pt;\"><strong>DELAFONT Lucien<\/strong><\/td>\n      <td width=\"50%\" class=\"xl24\" style=\"height: 20.1pt;\"><strong>= Pr\u00e9sident Fondateur<\/strong><\/td>\n<\/tr>\n<tr>\n      <td width=\"50%\" class=\"xl24\" style=\"height: 20.1pt;\"><strong>DE BISSCHOP G\u00e9rard<\/strong><\/td>\n      <td width=\"50%\" class=\"xl24\" style=\"height: 20.1pt;\"><strong>CHAMPENOIS CLaude <\/strong><\/td>\n<\/tr>\n<tr>\n      <td width=\"50%\" class=\"xl24\" style=\"height: 20.1pt;\"><strong>DOUHAILLY William<\/strong><\/td>\n      <td width=\"50%\" class=\"xl24\" style=\"height: 20.1pt;\"><strong>ESCALIERE Jacques<\/strong><\/td>\n<\/tr>\n<tr>\n      <td width=\"50%\" class=\"xl25\" style=\"height: 20.1pt;\"><strong>MERRE Pierre<\/strong><\/td>\n      <td width=\"50%\" class=\"xl25\" style=\"height: 20.1pt;\"><strong>MINOST Michel<\/strong><\/td>\n<\/tr>\n<tr>\n      <td width=\"50%\" class=\"xl25\" style=\"height: 20.1pt;\"><strong>MAUTRAIT Gabriel<\/strong><\/td>\n      <td class=\"xl25\" style=\"height: 20.1pt;\" width=\"50%\"><span class=\"xl25\" style=\"height: 20.1pt;\">&nbsp;<strong>PETITFRERE G\u00e9rard<\/strong><\/span><\/td>\n<\/tr>\n<tr>\n  <td class=\"xl25\" style=\"height: 20.1pt;\"><strong>DROUOT Jean<\/strong><\/td>\n  <td class=\"xl25\" style=\"height: 20.1pt;\"><strong>LEDOUX Jean <\/strong><\/td>\n<\/tr>\n  <\/tbody><\/table>\n  \n  \n<table align=\"center\" border=\"5\" bordercolor=\"#001395\" cellspacing=\"0\"  BGCOLOR=\"#bbbb00\">\n    <caption>&nbsp;\n      <p><font size=\"3\"><b>Les membres du club ayant occup\u00e9 une fonction\n      dans le Lions Clubs International :<\/b><\/font><\/p>\n    <\/caption>\n    <tbody>\n      <tr>\n        <td align=\"left\" nowrap=\"nowrap\" valign=\"middle\"><strong>MAUTRAIT Gabriel :Gouverneur 1971-1972<\/strong><\/td>\n      <\/tr>\n      <tr>\n        <td align=\"left\" nowrap=\"nowrap\" valign=\"middle\"><strong>MINOST Michel: tr\u00e9sorier de District 1971-1972<\/strong><\/td>\n      <\/tr>\n      <tr>\n        <td align=\"left\" nowrap=\"nowrap\" valign=\"middle\"><strong>MINOST Michel : Vice-Gouverneur 1976-1977<\/strong><\/td>\n      <\/tr>\n      <tr>\n        <td align=\"left\" nowrap=\"nowrap\" valign=\"middle\"><strong>DELAFONT Lucien : Pr\u00e9sident de Zone 1976-1977<\/strong><\/td>\n      <\/tr>\n      <tr>\n        <td align=\"left\" nowrap=\"nowrap\" valign=\"middle\"><strong>DELAFONT Lucien<\/b> :Vice Gouverneur 1982-1983<\/strong><\/td>\n      <\/tr>\n      <tr>\n        <td align=\"left\" nowrap=\"nowrap\" valign=\"middle\"><strong>CASTAING Pierre : Pr\u00e9sident de zone 1982-1983<\/strong><\/td>\n      <\/tr>\n      <tr>\n        <td align=\"left\" nowrap=\"nowrap\" valign=\"middle\"><p><strong>DELAFONT Lucien: d\u00e9l\u00e9gu\u00e9 de district \u00e0 la commission Nationale<BR> des Relations Internationales 1983-1984<\/p><\/strong>  <\/td>\n      <\/tr>\n      <tr>\n        <td align=\"left\" nowrap=\"nowrap\" valign=\"middle\"><strong>DELAFONT Lucien :Vice Gouverneur 1985-1986<\/strong><\/td>\n      <\/tr>\n      <tr>\n        <td align=\"left\" nowrap=\"nowrap\" valign=\"middle\"><strong>LEDOUX Jean : Pr\u00e9sident de zone 1988-1989<\/strong><\/td>\n      <\/tr>\n      \n      <tr>\n      <td align=\"left\" nowrap=\"nowrap\" valign=\"middle\"><strong>CLOT Jean PIerre\n        : Pr\u00e9sident de zone 1989 -1990<\/strong><\/td>\n    <\/tr>\n      <tr>\n        <td align=\"left\" nowrap=\"nowrap\" valign=\"middle\"><strong>GRATIOT Claude :Pr\u00e9sident de Zone 1995-1996<\/strong><\/td>\n      <\/tr>\n      <tr>\n      <td align=\"left\" nowrap=\"nowrap\" valign=\"middle\"><strong>CROS Michel<\/b>\n        : Pr\u00e9sident de Zone 1999-2000<\/strong><\/td>\n    <\/tr>\n    <tr>\n      <td align=\"left\" nowrap=\"nowrap\" valign=\"middle\"><strong>PETIT Daniel: Pr\u00e9sident de\n        zone : 2005-2006<\/strong><\/td>\n    <\/tr>\n    <tr>\n      <td align=\"left\" nowrap=\"nowrap\" valign=\"middle\"><strong>BONDOUX Pierre : Pr\u00e9sident de\n        zone : 2009 - 2011<\/strong><\/td>\n    <\/tr>\n\t<tr>\n      <td align=\"left\" nowrap=\"nowrap\" valign=\"middle\"><strong>MARTIN Bertrand : Pr\u00e9sident de\n        zone : 2013 - 2015<\/strong><\/td>\n    <\/tr>\n\t<tr>\n      <td align=\"left\" nowrap=\"nowrap\" valign=\"middle\"><strong>LAGOUTTE Michel-Patrick : Pr\u00e9sident de\n        zone : 2015 - 2017<\/strong><\/td>\n    <\/tr>\n\t<tr>\n      <td align=\"left\" nowrap=\"nowrap\" valign=\"middle\"><strong>FRANCHE Pascal : Pr\u00e9sident de\n        zone : 2023 - 2026<\/strong><\/td>\n    <\/tr>\n  <\/tbody>\n  <\/table>\n  \t\t\t\t<\/div>\n\t\t\t\t<\/div>\n\t\t\t\t\t<\/div>\n\t\t<\/div>\n\t\t\t\t\t<\/div>\n\t\t<\/section>\n\t\t\t\t<\/div>\n\t\t","protected":false},"excerpt":{"rendered":"<p>Les fondateurs du Lions Club de Provins DELAFONT Lucien = Pr\u00e9sident Fondateur DE BISSCHOP G\u00e9rard CHAMPENOIS CLaude DOUHAILLY William ESCALIERE Jacques MERRE Pierre MINOST Michel MAUTRAIT Gabriel &nbsp;PETITFRERE G\u00e9rard DROUOT Jean LEDOUX Jean &nbsp; Les membres du club ayant occup\u00e9 une fonction dans le Lions Clubs International : MAUTRAIT Gabriel :Gouverneur 1971-1972 MINOST Michel: tr\u00e9sorier &hellip; <a href=\"https:\/\/lions-provins.com\/WP\/club-hier-aujourdhui\/\" class=\"more-link\">Continuer la lecture de <span class=\"screen-reader-text\">Le Club d&rsquo;hier \u00e0 aujourd&rsquo;hui<\/span> <span class=\"meta-nav\">&rarr;<\/span><\/a><\/p>\n","protected":false},"author":1,"featured_media":0,"parent":0,"menu_order":0,"comment_status":"closed","ping_status":"closed","template":"","meta":{"footnotes":""},"class_list":["post-19346","page","type-page","status-publish","hentry"],"_links":{"self":[{"href":"https:\/\/lions-provins.com\/WP\/wp-json\/wp\/v2\/pages\/19346","targetHints":{"allow":["GET"]}}],"collection":[{"href":"https:\/\/lions-provins.com\/WP\/wp-json\/wp\/v2\/pages"}],"about":[{"href":"https:\/\/lions-provins.com\/WP\/wp-json\/wp\/v2\/types\/page"}],"author":[{"embeddable":true,"href":"https:\/\/lions-provins.com\/WP\/wp-json\/wp\/v2\/users\/1"}],"replies":[{"embeddable":true,"href":"https:\/\/lions-provins.com\/WP\/wp-json\/wp\/v2\/comments?post=19346"}],"version-history":[{"count":1,"href":"https:\/\/lions-provins.com\/WP\/wp-json\/wp\/v2\/pages\/19346\/revisions"}],"predecessor-version":[{"id":19375,"href":"https:\/\/lions-provins.com\/WP\/wp-json\/wp\/v2\/pages\/19346\/revisions\/19375"}],"wp:attachment":[{"href":"https:\/\/lions-provins.com\/WP\/wp-json\/wp\/v2\/media?parent=19346"}],"curies":[{"name":"wp","href":"https:\/\/api.w.org\/{rel}","templated":true}]}}