{"id":15832,"date":"2022-09-22T22:19:25","date_gmt":"2022-09-22T20:19:25","guid":{"rendered":"https:\/\/lions-provins.com\/WP\/?page_id=15832"},"modified":"2025-06-13T18:09:57","modified_gmt":"2025-06-13T16:09:57","slug":"retrospective","status":"publish","type":"page","link":"https:\/\/lions-provins.com\/WP\/retrospective\/","title":{"rendered":"R\u00e9trospective"},"content":{"rendered":"\t\t<div data-elementor-type=\"wp-page\" data-elementor-id=\"15832\" class=\"elementor elementor-15832\">\n\t\t\t\t\t\t<section class=\"elementor-section elementor-top-section elementor-element elementor-element-75e2a75 elementor-section-boxed elementor-section-height-default elementor-section-height-default\" data-id=\"75e2a75\" data-element_type=\"section\" data-e-type=\"section\">\n\t\t\t\t\t\t<div class=\"elementor-container elementor-column-gap-default\">\n\t\t\t\t\t<div class=\"elementor-column elementor-col-100 elementor-top-column elementor-element elementor-element-53f098a\" data-id=\"53f098a\" data-element_type=\"column\" data-e-type=\"column\">\n\t\t\t<div class=\"elementor-widget-wrap elementor-element-populated\">\n\t\t\t\t\t\t<div class=\"elementor-element elementor-element-7d2b5ed elementor-widget elementor-widget-heading\" data-id=\"7d2b5ed\" data-element_type=\"widget\" data-e-type=\"widget\" data-widget_type=\"heading.default\">\n\t\t\t\t<div class=\"elementor-widget-container\">\n\t\t\t\t\t<h2 class=\"elementor-heading-title elementor-size-default\">vous trouverez sur cette page les ann\u00e9es qui ont fait notre club ...<\/h2>\t\t\t\t<\/div>\n\t\t\t\t<\/div>\n\t\t\t\t<div class=\"elementor-element elementor-element-1d75aac elementor-widget elementor-widget-heading\" data-id=\"1d75aac\" data-element_type=\"widget\" data-e-type=\"widget\" data-widget_type=\"heading.default\">\n\t\t\t\t<div class=\"elementor-widget-container\">\n\t\t\t\t\t<h2 class=\"elementor-heading-title elementor-size-default\">avec ses actions et manifestations.<\/h2>\t\t\t\t<\/div>\n\t\t\t\t<\/div>\n\t\t\t\t\t<\/div>\n\t\t<\/div>\n\t\t\t\t\t<\/div>\n\t\t<\/section>\n\t\t\t\t<section class=\"elementor-section elementor-top-section elementor-element elementor-element-a7a6d33 elementor-section-boxed elementor-section-height-default elementor-section-height-default\" data-id=\"a7a6d33\" data-element_type=\"section\" data-e-type=\"section\">\n\t\t\t\t\t\t<div class=\"elementor-container elementor-column-gap-default\">\n\t\t\t\t\t<div class=\"elementor-column elementor-col-100 elementor-top-column elementor-element elementor-element-3bf9640\" data-id=\"3bf9640\" data-element_type=\"column\" data-e-type=\"column\">\n\t\t\t<div class=\"elementor-widget-wrap elementor-element-populated\">\n\t\t\t\t\t\t<div class=\"elementor-element elementor-element-0498d60 elementor-widget elementor-widget-text-editor\" data-id=\"0498d60\" data-element_type=\"widget\" data-e-type=\"widget\" data-widget_type=\"text-editor.default\">\n\t\t\t\t<div class=\"elementor-widget-container\">\n\t\t\t\t\t\t\t\t\t<ul><li style=\"text-align: center;\"><a href=\"https:\/\/lions-provins.com\/WP\/manifestations_1992-93\/\"><span style=\"font-size: 18pt;\">ann\u00e9e 1992 &#8211; 1993<\/span><\/a><\/li><li style=\"text-align: center;\"><span style=\"font-size: 18pt;\"><a href=\"https:\/\/lions-provins.com\/WP\/manifestations_1993-94\/\">ann\u00e9e 1993 &#8211; 1994<\/a>\/Dominique LEGER<\/span><\/li><li style=\"text-align: center;\"><span style=\"font-size: 18pt;\"><a href=\"https:\/\/lions-provins.com\/WP\/manifestations_1994-95\/\">ann\u00e9e 1994 &#8211; 1995<\/a>\/Jean-Luc BOURGUIGNON<\/span><\/li><li style=\"text-align: center;\"><span style=\"font-size: 18pt;\"><a href=\"https:\/\/lions-provins.com\/WP\/manifestations_1995-96\/\">ann\u00e9e 1995 &#8211; 1996<\/a>\/Pierre BONDOUX<\/span><\/li><li style=\"text-align: center;\"><span style=\"font-size: 18pt;\"><a href=\"https:\/\/lions-provins.com\/WP\/manifestations_1996-97\/\">ann\u00e9e 1996 &#8211; 1997<\/a>\/Michel CROS<\/span><\/li><li style=\"text-align: center;\"><span style=\"font-size: 18pt;\"><a href=\"https:\/\/lions-provins.com\/WP\/manifestations_1997-98\/\">ann\u00e9e 1997 &#8211; 1998<\/a>\/Claude GRATIOT<\/span><\/li><li style=\"text-align: center;\"><span style=\"font-size: 18pt;\"><a href=\"https:\/\/lions-provins.com\/WP\/manifestations_1998-99\/\">ann\u00e9e 1998 &#8211; 1999<\/a>\/Jean-Pierre DESTE<\/span><\/li><li style=\"text-align: center;\"><span style=\"font-size: 18pt;\"><a href=\"https:\/\/lions-provins.com\/WP\/manifestations_1999-20\/\">ann\u00e9e 1999 &#8211; 2000<\/a>\/Jean-Claude FRUGIER<\/span><\/li><li style=\"text-align: center;\"><span style=\"font-size: 18pt;\"><a href=\"https:\/\/lions-provins.com\/WP\/manifestations_2000-01\/\">ann\u00e9e 2000 &#8211; 2001<\/a>\/Michel LAVOLLAY<\/span><\/li><li style=\"text-align: center;\"><span style=\"font-size: 18pt;\"><a href=\"https:\/\/lions-provins.com\/WP\/manifestations_2001-02\/\">ann\u00e9e 2001 &#8211; 2002<\/a>\/Daniel BARBOT<\/span><\/li><li style=\"text-align: center;\"><span style=\"font-size: 18pt;\"><a href=\"https:\/\/lions-provins.com\/WP\/manifestations_2002-03\/\">ann\u00e9e 2002 &#8211; 2003<\/a>\/Bertrand MARTIN<\/span><\/li><li style=\"text-align: center;\"><span style=\"font-size: 18pt;\"><a href=\"https:\/\/lions-provins.com\/WP\/manifestations_2003-04\/\">ann\u00e9e 2003 &#8211; 2004<\/a>\/Daniel PETIT<\/span><\/li><li style=\"text-align: center;\"><span style=\"font-size: 18pt;\"><a href=\"https:\/\/lions-provins.com\/WP\/manifestations_2004-05\/\">ann\u00e9e 2004 &#8211; 2005<\/a>\/Didier MALLET<\/span><\/li><li style=\"text-align: center;\"><span style=\"font-size: 18pt;\"><a href=\"https:\/\/lions-provins.com\/WP\/manifestations_2005-06\/\">ann\u00e9e 2005 &#8211; 2006<\/a>\/Philippe BOUVRAIN<\/span><\/li><li style=\"text-align: center;\"><a href=\"https:\/\/lions-provins.com\/WP\/manifestations_2006-07\/\"><span style=\"font-size: 18pt;\">ann\u00e9e 2006 &#8211; 2007<\/span><\/a><span style=\"font-size: 18pt;\">\/Jean-Jacques NEGREVERGNE<\/span><\/li><li style=\"text-align: center;\"><span style=\"font-size: 18pt;\"><a href=\"https:\/\/lions-provins.com\/WP\/manifestations_2007-08\/\">ann\u00e9e 2007 &#8211; 2008<\/a>\/Pierre BONDOUX<\/span><\/li><li style=\"text-align: center;\"><span style=\"font-size: 18pt;\"><a href=\"https:\/\/lions-provins.com\/WP\/manifestations_2008-09\/\">ann\u00e9e 2008 &#8211; 2009<\/a>\/Pierre BERNAERT<\/span><\/li><li style=\"text-align: center;\"><span style=\"font-size: 18pt;\"><a href=\"https:\/\/lions-provins.com\/WP\/manifestations_2009-10\/\">ann\u00e9e 2009 &#8211; 2010<\/a>\/Jean-Pierre PILORGE<\/span><\/li><li style=\"text-align: center;\"><span style=\"font-size: 18pt;\"><a href=\"https:\/\/lions-provins.com\/WP\/manifestations_2010-11\/\">ann\u00e9e 2010 &#8211; 2011<\/a>\/Hafid JIBRIL<\/span><\/li><li style=\"text-align: center;\"><span style=\"font-size: 18pt;\"><a href=\"https:\/\/lions-provins.com\/WP\/manifestations_2011-12\/\">ann\u00e9e 2011 &#8211; 2012<\/a>\/Francois LEJEUNE<\/span><\/li><li style=\"text-align: center;\"><span style=\"font-size: 18pt;\"><a href=\"https:\/\/lions-provins.com\/WP\/manifestations_2012-13\/\">ann\u00e9e 2012 &#8211; 2013<\/a>\/Didier MARECHAL<\/span><\/li><li style=\"text-align: center;\"><span style=\"font-size: 18pt;\"><a href=\"https:\/\/lions-provins.com\/WP\/manifestations_2013-14\/\">ann\u00e9e 2013 &#8211; 2014<\/a>\/Ahmed DEBBAG<\/span><\/li><li style=\"text-align: center;\"><span style=\"font-size: 18pt;\"><a href=\"https:\/\/lions-provins.com\/WP\/manifestations_2014-15\/\">ann\u00e9e 2014 &#8211; 2015<\/a>\/Xavier BOURON<\/span><\/li><li style=\"text-align: center;\"><span style=\"font-size: 18pt;\"><a href=\"https:\/\/lions-provins.com\/WP\/manifestations_2015-16\/\">ann\u00e9e 2015 &#8211; 2016<\/a>\/Dominique LEGER<\/span><\/li><li style=\"text-align: center;\"><span style=\"font-size: 18pt;\"><a href=\"https:\/\/lions-provins.com\/WP\/manifestations_2016-17\/\">ann\u00e9e 2016 &#8211; 2017<\/a>\/Dominique QUENIART<\/span><\/li><li style=\"text-align: center;\"><span style=\"font-size: 18pt;\"><a href=\"https:\/\/lions-provins.com\/WP\/manifestations_2017-18\/\">ann\u00e9e 2017 &#8211; 2018<\/a>\/Michel-Patrick LAGOUTTE<\/span><\/li><li style=\"text-align: center;\"><span style=\"font-size: 18pt;\"><a href=\"https:\/\/lions-provins.com\/WP\/manifestations_2018-19\/\">ann\u00e9e 2018 &#8211; 2019<\/a>\/Pascal FRANCHE<\/span><\/li><li style=\"text-align: center;\"><span style=\"font-size: 18pt;\"><a href=\"https:\/\/lions-provins.com\/WP\/manifestations_2019-20\/\">ann\u00e9e 2019 &#8211; 2020<\/a>\/Bertrand MARTIN<\/span><\/li><li style=\"text-align: center;\"><span style=\"font-size: 18pt;\"><a href=\"https:\/\/lions-provins.com\/WP\/manifestations_2020-21\/\">ann\u00e9e 2020 &#8211; 2021<\/a>\/Fatouma DIOUF<\/span><\/li><li style=\"text-align: center;\"><span style=\"font-size: 18pt;\"><a href=\"https:\/\/lions-provins.com\/WP\/manifestations_2021-22\/\">ann\u00e9e 2021 &#8211; 2022<\/a>\/Hafid JIBRIL<\/span><\/li><li style=\"text-align: center;\"><span style=\"font-size: 18pt;\"><a href=\"https:\/\/lions-provins.com\/WP\/manifestations_2022-23\/\">ann\u00e9e 2022 &#8211; 2023<\/a>\/Didier MARECHAL<\/span><\/li><li style=\"text-align: center;\"><span style=\"font-size: 18pt;\"><a href=\"https:\/\/lions-provins.com\/WP\/manifestations_2023-24\/\">ann\u00e9e 2023 &#8211; 2024<\/a>\/Catherine DUVERNEIX<br \/><\/span><\/li><li style=\"text-align: center;\"><span style=\"font-size: 18pt;\"><a href=\"https:\/\/lions-provins.com\/WP\/manifestations_2024-25\/\">ann\u00e9e 2024 &#8211; 2025<\/a>\/Nicolas GRAND<br \/><\/span><\/li><li>\u00a0<\/li><\/ul>\t\t\t\t\t\t\t\t<\/div>\n\t\t\t\t<\/div>\n\t\t\t\t\t<\/div>\n\t\t<\/div>\n\t\t\t\t\t<\/div>\n\t\t<\/section>\n\t\t\t\t<\/div>\n\t\t","protected":false},"excerpt":{"rendered":"<p>vous trouverez sur cette page les ann\u00e9es qui ont fait notre club &#8230; avec ses actions et manifestations. ann\u00e9e 1992 &#8211; 1993 ann\u00e9e 1993 &#8211; 1994\/Dominique LEGER ann\u00e9e 1994 &#8211; 1995\/Jean-Luc BOURGUIGNON ann\u00e9e 1995 &#8211; 1996\/Pierre BONDOUX ann\u00e9e 1996 &#8211; 1997\/Michel CROS ann\u00e9e 1997 &#8211; 1998\/Claude GRATIOT ann\u00e9e 1998 &#8211; 1999\/Jean-Pierre DESTE ann\u00e9e 1999 &#8211; &hellip; <a href=\"https:\/\/lions-provins.com\/WP\/retrospective\/\" class=\"more-link\">Continuer la lecture de <span class=\"screen-reader-text\">R\u00e9trospective<\/span> <span class=\"meta-nav\">&rarr;<\/span><\/a><\/p>\n","protected":false},"author":5,"featured_media":2769,"parent":0,"menu_order":0,"comment_status":"closed","ping_status":"closed","template":"","meta":{"footnotes":""},"class_list":["post-15832","page","type-page","status-publish","has-post-thumbnail","hentry"],"_links":{"self":[{"href":"https:\/\/lions-provins.com\/WP\/wp-json\/wp\/v2\/pages\/15832","targetHints":{"allow":["GET"]}}],"collection":[{"href":"https:\/\/lions-provins.com\/WP\/wp-json\/wp\/v2\/pages"}],"about":[{"href":"https:\/\/lions-provins.com\/WP\/wp-json\/wp\/v2\/types\/page"}],"author":[{"embeddable":true,"href":"https:\/\/lions-provins.com\/WP\/wp-json\/wp\/v2\/users\/5"}],"replies":[{"embeddable":true,"href":"https:\/\/lions-provins.com\/WP\/wp-json\/wp\/v2\/comments?post=15832"}],"version-history":[{"count":1,"href":"https:\/\/lions-provins.com\/WP\/wp-json\/wp\/v2\/pages\/15832\/revisions"}],"predecessor-version":[{"id":18991,"href":"https:\/\/lions-provins.com\/WP\/wp-json\/wp\/v2\/pages\/15832\/revisions\/18991"}],"wp:featuredmedia":[{"embeddable":true,"href":"https:\/\/lions-provins.com\/WP\/wp-json\/wp\/v2\/media\/2769"}],"wp:attachment":[{"href":"https:\/\/lions-provins.com\/WP\/wp-json\/wp\/v2\/media?parent=15832"}],"curies":[{"name":"wp","href":"https:\/\/api.w.org\/{rel}","templated":true}]}}