{"id":1084,"date":"2016-09-27T17:55:10","date_gmt":"2016-09-27T15:55:10","guid":{"rendered":"http:\/\/lions-provins.com\/WP\/?page_id=1084"},"modified":"2023-04-23T16:23:17","modified_gmt":"2023-04-23T14:23:17","slug":"notre-annee_2016-2017","status":"publish","type":"page","link":"https:\/\/lions-provins.com\/WP\/notre-annee_2016-2017\/","title":{"rendered":"NOTRE ANNEE 2016-2017"},"content":{"rendered":"<h2 style=\"text-align: center;\"><u>notre passation 2017<\/u><\/h2>\n<p style=\"text-align: center;\"><span style=\"font-size: 14pt;\"><strong><span style=\"font-family: comic sans ms,sans-serif;\">Mardi 27 juin:<\/span><\/strong><\/span><\/p>\n<p><a href=\"https:\/\/lions-provins.com\/WP\/wp-content\/uploads\/2017\/06\/DSC_1905.jpg\" target=\"_blank\" rel=\"noopener noreferrer\"><img fetchpriority=\"high\" decoding=\"async\" class=\"alignnone size-medium wp-image-1494\" src=\"https:\/\/lions-provins.com\/WP\/wp-content\/uploads\/2017\/06\/DSC_1905-300x199.jpg\" alt=\"\" width=\"300\" height=\"199\" \/><\/a><a href=\"https:\/\/lions-provins.com\/WP\/wp-content\/uploads\/2017\/06\/DSC_1908.jpg\" target=\"_blank\" rel=\"noopener noreferrer\"><img decoding=\"async\" class=\"alignnone size-medium wp-image-1495\" src=\"https:\/\/lions-provins.com\/WP\/wp-content\/uploads\/2017\/06\/DSC_1908-300x199.jpg\" alt=\"\" width=\"300\" height=\"199\" \/><\/a><\/p>\n<p style=\"text-align: center;\"><span style=\"font-family: comic sans ms,sans-serif; font-size: 18pt;\">Remise de chevrons:<\/span><\/p>\n<div id=\"metaslider-id-1508\" style=\"max-width: 700px;\" class=\"ml-slider-3-107-0 metaslider metaslider-nivo metaslider-1508 ml-slider has-dots-nav ms-theme-default\" role=\"region\" aria-label=\"passation2017\" data-height=\"300\" data-width=\"700\">\n    <div id=\"metaslider_container_1508\">\n        <div class='slider-wrapper theme-default'><div class='ribbon'><\/div><div id='metaslider_1508' class='nivoSlider'><img decoding=\"async\" src=\"https:\/\/lions-provins.com\/WP\/wp-content\/uploads\/2017\/06\/DSC_1926-700x300.jpg\" height=\"300\" width=\"700\" data-caption=\"&lt;div&gt;Didier : 10ans&lt;\/div&gt;\" alt=\"\" class=\"slider-1508 slide-1509 msDefaultImage\" \/><img loading=\"lazy\" decoding=\"async\" src=\"https:\/\/lions-provins.com\/WP\/wp-content\/uploads\/2017\/06\/DSC_1958-700x300.jpg\" height=\"300\" width=\"700\" data-caption=\"&lt;div&gt;Claude : 50ans&lt;\/div&gt;\" alt=\"\" class=\"slider-1508 slide-1510 msDefaultImage\" \/><img loading=\"lazy\" decoding=\"async\" src=\"https:\/\/lions-provins.com\/WP\/wp-content\/uploads\/2017\/06\/DSC_1952-700x300.jpg\" height=\"300\" width=\"700\" data-caption=\"&lt;div&gt;Jean-Pierre : 35ans&lt;\/div&gt;\" alt=\"\" class=\"slider-1508 slide-1511 msDefaultImage\" \/><img loading=\"lazy\" decoding=\"async\" src=\"https:\/\/lions-provins.com\/WP\/wp-content\/uploads\/2017\/06\/DSC_1945-700x300.jpg\" height=\"300\" width=\"700\" data-caption=\"&lt;div&gt;Dominique : 30ans&lt;\/div&gt;\" alt=\"\" class=\"slider-1508 slide-1512 msDefaultImage\" \/><img loading=\"lazy\" decoding=\"async\" src=\"https:\/\/lions-provins.com\/WP\/wp-content\/uploads\/2017\/06\/DSC_1932-700x300.jpg\" height=\"300\" width=\"700\" data-caption=\"&lt;div&gt;Dominique : 30ans&lt;\/div&gt;\" alt=\"\" class=\"slider-1508 slide-1513 msDefaultImage\" \/><img loading=\"lazy\" decoding=\"async\" src=\"https:\/\/lions-provins.com\/WP\/wp-content\/uploads\/2017\/06\/DSC_1928-700x300.jpg\" height=\"300\" width=\"700\" data-caption=\"&lt;div&gt;Bertrand : 25ans&lt;\/div&gt;\" alt=\"\" class=\"slider-1508 slide-1514 msDefaultImage\" \/><img loading=\"lazy\" decoding=\"async\" src=\"https:\/\/lions-provins.com\/WP\/wp-content\/uploads\/2017\/06\/DSC_1941-700x300.jpg\" height=\"300\" width=\"700\" data-caption=\"&lt;div&gt;Michel-Patrick :30 ans&lt;\/div&gt;\" alt=\"\" class=\"slider-1508 slide-1515 msDefaultImage\" \/><\/div><\/div>\n        \n    <\/div>\n<\/div>\n<h2 style=\"text-align: center;\"><u>MUSIQUE<\/u><br \/>\n<span style=\"font-size: 24pt;\">Nangis et ses Zestivales &#8230;<\/span><\/h2>\n<p><a href=\"https:\/\/lions-provins.com\/WP\/wp-content\/uploads\/2017\/06\/les-ZESTIVALES.jpg\" target=\"_blank\" rel=\"noopener noreferrer\"><img loading=\"lazy\" decoding=\"async\" class=\" wp-image-1490 aligncenter\" src=\"https:\/\/lions-provins.com\/WP\/wp-content\/uploads\/2017\/06\/les-ZESTIVALES-212x300.jpg\" alt=\"\" width=\"375\" height=\"531\" \/><\/a><\/p>\n<h2><u><span style=\"font-size: 18pt;\">Notre m\u00e9c\u00e9nat : l&rsquo;\u00e9cole de musique de Nangis &amp; le groupe th\u00e9atral Errance<\/span><\/u><\/h2>\n<h3>Le partenariat est renouvel\u00e9 .<\/h3>\n<p><a href=\"https:\/\/lions-provins.com\/WP\/wp-content\/uploads\/2017\/06\/DSC_1595.jpg\" target=\"_blank\" rel=\"noopener noreferrer\"><img loading=\"lazy\" decoding=\"async\" class=\"alignnone size-medium wp-image-1465\" src=\"https:\/\/lions-provins.com\/WP\/wp-content\/uploads\/2017\/06\/DSC_1595-300x199.jpg\" alt=\"\" width=\"300\" height=\"199\" \/><\/a><a href=\"https:\/\/lions-provins.com\/WP\/wp-content\/uploads\/2017\/06\/DSC_1605.jpg\"><img loading=\"lazy\" decoding=\"async\" class=\"alignnone size-medium wp-image-1469\" src=\"https:\/\/lions-provins.com\/WP\/wp-content\/uploads\/2017\/06\/DSC_1605-300x199.jpg\" alt=\"\" width=\"300\" height=\"199\" \/><\/a><\/p>\n<div id=\"metaslider-id-1476\" style=\"max-width: 700px;\" class=\"ml-slider-3-107-0 metaslider metaslider-nivo metaslider-1476 ml-slider has-dots-nav ms-theme-default\" role=\"region\" aria-label=\"mecenat\" data-height=\"300\" data-width=\"700\">\n    <div id=\"metaslider_container_1476\">\n        <div class='slider-wrapper theme-default'><div class='ribbon'><\/div><div id='metaslider_1476' class='nivoSlider'><\/div><\/div>\n        \n    <\/div>\n<\/div>\n<h6><em>Le prochain programme du groupe Errance <\/em><\/h6>\n<p><a href=\"https:\/\/lions-provins.com\/WP\/wp-content\/uploads\/2017\/06\/errancejuil2017.png\" target=\"_blank\" rel=\"noopener noreferrer\"><img loading=\"lazy\" decoding=\"async\" class=\" wp-image-1483 aligncenter\" src=\"https:\/\/lions-provins.com\/WP\/wp-content\/uploads\/2017\/06\/errancejuil2017-212x300.png\" alt=\"\" width=\"498\" height=\"705\" \/><\/a><\/p>\n<h2><u><span style=\"font-size: 18pt;\">Entente Longueville.SC.SL.SB : football club<\/span><\/u><\/h2>\n<p><img loading=\"lazy\" decoding=\"async\" class=\"size-medium wp-image-1322 aligncenter\" src=\"https:\/\/lions-provins.com\/WP\/wp-content\/uploads\/2017\/05\/DSC_1379-300x199.jpg\" alt=\"\" width=\"300\" height=\"199\" \/><br \/>\n<img loading=\"lazy\" decoding=\"async\" class=\"alignnone wp-image-1323 size-thumbnail\" src=\"https:\/\/lions-provins.com\/WP\/wp-content\/uploads\/2017\/05\/DSC_1386-1024x1024.jpg\" alt=\"\" width=\"1024\" height=\"1024\" \/><\/p>\n<p>Un partenariat dans la cit\u00e9\u00a0 avec les jeunes<br \/>\n<a href=\"http:\/\/elscsl.footeo.com\/\" target=\"_blank\" rel=\"noopener noreferrer\">site web :<\/a><\/p>\n<p><a href=\"https:\/\/lions-provins.com\/WP\/wp-content\/uploads\/2017\/12\/banner__olwf4j.jpg\"><img loading=\"lazy\" decoding=\"async\" class=\"alignnone wp-image-1789\" src=\"https:\/\/lions-provins.com\/WP\/wp-content\/uploads\/2017\/12\/banner__olwf4j-300x92.jpg\" alt=\"\" width=\"440\" height=\"135\" \/><\/a><\/p>\n<h2><u><em>4 intronisations pour notre club<\/em><\/u><\/h2>\n<pre>Ce mardi 9 Mai en pr\u00e9sence de Sylvie Dinneweth , Past-Gouverneur.\n( CLIC sur image pour agrandir)<\/pre>\n<p><a href=\"https:\/\/lions-provins.com\/WP\/wp-content\/uploads\/2017\/05\/DSC_1051.jpg\" target=\"_blank\" rel=\"noopener noreferrer\"><img loading=\"lazy\" decoding=\"async\" class=\"aligncenter wp-image-1300 size-thumbnail\" src=\"https:\/\/lions-provins.com\/WP\/wp-content\/uploads\/2017\/05\/DSC_1051-1024x1024.jpg\" alt=\"\" width=\"1024\" height=\"1024\" \/><\/a><\/p>\n<div id=\"metaslider-id-1401\" style=\"max-width: 700px;\" class=\"ml-slider-3-107-0 metaslider metaslider-flex metaslider-1401 ml-slider has-dots-nav ms-theme-default\" role=\"region\" aria-label=\"intronisations\" data-height=\"300\" data-width=\"700\">\n    <div id=\"metaslider_container_1401\">\n        <div id=\"metaslider_1401\">\n            <ul class='slides'>\n            <\/ul>\n        <\/div>\n        \n    <\/div>\n<\/div>\n<h4><strong>Et des conseils avis\u00e9s &#8230;.<\/strong><\/h4>\n<p><a href=\"https:\/\/lions-provins.com\/WP\/wp-content\/uploads\/2017\/05\/DSC_1134.jpg\" target=\"_blank\" rel=\"noopener noreferrer\"><img loading=\"lazy\" decoding=\"async\" class=\"alignnone wp-image-1305 size-thumbnail\" src=\"https:\/\/lions-provins.com\/WP\/wp-content\/uploads\/2017\/05\/DSC_1134-1024x1024.jpg\" alt=\"\" width=\"1024\" height=\"1024\" \/><\/a><\/p>\n<h3>l&rsquo;association A.B.O nous rend visite &#8230;<\/h3>\n<p>Dans le cadre de l&rsquo;aide au handicap , notre club re\u00e7oit cette association A.B.O , constitu\u00e9e de jeunes \u00e9tudiant(e)s qui donnent de leur temps pour prendre en charge des handicapes au travers de week-ends essentiellement ludiques : d\u00e9placement \u00e0\u00a0 la campagne , courses au super march\u00a0\u00bb , ballades , etc<\/p>\n<p>En effet,<\/p>\n<p>L&rsquo;objet de l&rsquo;association est multiple<\/p>\n<p>Permettre aux jeunes accueillis de passer des moments de d\u00e9tente\u00a0 entre amis hors de leur cadre de vie habituel<br \/>\nPermettre \u00e0\u00a0 leur famille de\u00a0 souffler\u00a0 le temps d&rsquo;un WE en prenant du repos ou en se consacrant \u00a0 \u00e0 des activit\u00e9s non envisageables avec leur enfant<br \/>\nPermettre aux accompagnateurs de d\u00e9couvrir, au travers de rencontres, l&rsquo;infinie dignit\u00e9e\u00a0 toute personne<br \/>\nContribuer \u00e0\u00a0 changer le regard de la soci\u00e9t\u00e9 en general sur les personnes touch\u00e9es par un handicap et porter \u00e0\u00a0 tous un message d&rsquo;amour et d&rsquo;esp\u00e9rance.<\/p>\n<div id=\"metaslider-id-1408\" style=\"max-width: 700px;\" class=\"ml-slider-3-107-0 metaslider metaslider-nivo metaslider-1408 ml-slider has-dots-nav ms-theme-default\" role=\"region\" aria-label=\"ABO\" data-height=\"300\" data-width=\"700\">\n    <div id=\"metaslider_container_1408\">\n        <div class='slider-wrapper theme-default'><div class='ribbon'><\/div><div id='metaslider_1408' class='nivoSlider'><\/div><\/div>\n        \n    <\/div>\n<\/div>\n<p><img loading=\"lazy\" decoding=\"async\" class=\"alignnone wp-image-1289 size-thumbnail\" src=\"https:\/\/lions-provins.com\/WP\/wp-content\/uploads\/2017\/04\/DSC_0878-1024x1024.jpg\" alt=\"\" width=\"1024\" height=\"1024\" \/><\/p>\n<h3>la remise de la TOYOTA Yaris au vainqueur de notre loto &#8230;<\/h3>\n<p><img loading=\"lazy\" decoding=\"async\" class=\"wp-image-1285 alignleft\" src=\"https:\/\/lions-provins.com\/WP\/wp-content\/uploads\/2017\/04\/P1050784-300x225.jpg\" alt=\"\" width=\"249\" height=\"187\" \/> <img loading=\"lazy\" decoding=\"async\" class=\"alignnone wp-image-1284\" src=\"https:\/\/lions-provins.com\/WP\/wp-content\/uploads\/2017\/04\/P1050783-300x225.jpg\" alt=\"\" width=\"247\" height=\"185\" \/><img loading=\"lazy\" decoding=\"async\" class=\"aligncenter wp-image-1286 size-thumbnail\" src=\"https:\/\/lions-provins.com\/WP\/wp-content\/uploads\/2017\/04\/P1050787-1024x1024.jpg\" alt=\"\" width=\"1024\" height=\"1024\" \/><\/p>\n<h3>la remise des archives de notre club au fonds ancien<\/h3>\n<h6 style=\"text-align: center;\">le 31 mars 2017 :<\/h6>\n<p><img loading=\"lazy\" decoding=\"async\" class=\" wp-image-1278 aligncenter\" src=\"https:\/\/lions-provins.com\/WP\/wp-content\/uploads\/2017\/04\/fondsancien-159x300.jpg\" alt=\"\" width=\"318\" height=\"600\" \/><\/p>\n<p><img loading=\"lazy\" decoding=\"async\" class=\" wp-image-1279 aligncenter\" src=\"https:\/\/lions-provins.com\/WP\/wp-content\/uploads\/2017\/04\/IMG_3725-300x225.jpg\" alt=\"\" width=\"456\" height=\"342\" \/><\/p>\n<h2 style=\"text-align: center;\">Le gagnant de notre loto du 1 avril<br \/>\n<img loading=\"lazy\" decoding=\"async\" class=\"alignnone size-medium wp-image-1264\" src=\"https:\/\/lions-provins.com\/WP\/wp-content\/uploads\/2017\/04\/DSC_0660-300x199.jpg\" alt=\"\" width=\"300\" height=\"199\" \/><\/h2>\n<p>remise des documents par notre pr\u00e9sident en pr\u00e9sence de notre organisateur.<\/p>\n<h2 style=\"text-align: center;\">La visite de notre Vice-Gouverneur 2016-2017<\/h2>\n<h6 style=\"text-align: center;\">Le mardi 28 mars 2017 :<\/h6>\n<p style=\"text-align: center;\">Pierre Mangon<br \/>\n<img loading=\"lazy\" decoding=\"async\" class=\"alignnone wp-image-1255\" src=\"https:\/\/lions-provins.com\/WP\/wp-content\/uploads\/2017\/03\/DSC_0502-300x199.jpg\" alt=\"\" width=\"525\" height=\"348\" \/><\/p>\n<p><img loading=\"lazy\" decoding=\"async\" class=\" wp-image-1258 aligncenter\" src=\"https:\/\/lions-provins.com\/WP\/wp-content\/uploads\/2017\/03\/DSC_0510-300x199.jpg\" alt=\"\" width=\"520\" height=\"345\" \/><\/p>\n<h2 style=\"text-align: center;\">Le defi77 et notre club:<\/h2>\n<h6 style=\"text-align: center;\">le samedi? 25 mars 2017 :<\/h6>\n<p><img loading=\"lazy\" decoding=\"async\" class=\"wp-image-1270 alignleft\" src=\"https:\/\/lions-provins.com\/WP\/wp-content\/uploads\/2017\/04\/DSC_0357-300x199.jpg\" alt=\"\" width=\"236\" height=\"157\" \/><img loading=\"lazy\" decoding=\"async\" class=\"wp-image-1269 aligncenter\" src=\"https:\/\/lions-provins.com\/WP\/wp-content\/uploads\/2017\/04\/DSC_0347-300x199.jpg\" alt=\"\" width=\"237\" height=\"157\" \/><\/p>\n<p><img loading=\"lazy\" decoding=\"async\" class=\"wp-image-1271 alignleft\" src=\"https:\/\/lions-provins.com\/WP\/wp-content\/uploads\/2017\/04\/DSC_0362-300x199.jpg\" alt=\"\" width=\"264\" height=\"175\" \/><img loading=\"lazy\" decoding=\"async\" class=\"wp-image-1272 aligncenter\" src=\"https:\/\/lions-provins.com\/WP\/wp-content\/uploads\/2017\/04\/DSC_0383-300x199.jpg\" alt=\"\" width=\"279\" height=\"185\" \/><\/p>\n<h2 style=\"text-align: center;\">Derni\u00c3\u00a8re ligne droite pour le defi77<br \/>\n<img loading=\"lazy\" decoding=\"async\" class=\" wp-image-1251 aligncenter\" src=\"https:\/\/lions-provins.com\/WP\/wp-content\/uploads\/2017\/03\/Scan0228-300x293.jpg\" alt=\"\" width=\"527\" height=\"515\" \/><a href=\"https:\/\/lions-provins.com\/WP\/wp-content\/uploads\/2017\/03\/Scan0228.jpg\" target=\"_blank\" rel=\"noopener noreferrer\">ICI<\/a> pour agrandir<\/h2>\n<h2 style=\"text-align: center;\">LOTO : SAMEDI 1er AVRIL A PROVINS<br \/>\n1 E PRIX : Toyota YAGO<\/h2>\n<p><img loading=\"lazy\" decoding=\"async\" class=\"wp-image-1243 aligncenter\" src=\"https:\/\/lions-provins.com\/WP\/wp-content\/uploads\/2017\/02\/AYGO-300x169.jpg\" alt=\"\" width=\"494\" height=\"278\" \/><\/p>\n<div style=\"text-align: center;\"><\/div>\n<h4 style=\"text-align: center;\">Gymnase Raymond Vitte 20h00<\/h4>\n<h6 style=\"text-align: center;\">Le mardi 15 f?vrier 2017 :<\/h6>\n<h6><a href=\"https:\/\/www.trans-forme.org\/\" target=\"_blank\" rel=\"noopener noreferrer\"><img loading=\"lazy\" decoding=\"async\" class=\"wp-image-1233 aligncenter\" src=\"https:\/\/lions-provins.com\/WP\/wp-content\/uploads\/2017\/02\/DSC_0136-300x199.jpg\" alt=\"\" width=\"338\" height=\"224\" \/><\/a><br \/>\nConf\u00e9renrence d&rsquo;Olivier COUSTERE , Pr\u00e9sident de Trans-Forme &amp; soutien financier<\/h6>\n<h6 style=\"text-align: center;\">le mardi 10 janvier 2017 :<\/h6>\n<p><img loading=\"lazy\" decoding=\"async\" class=\"alignnone size-medium wp-image-1212\" src=\"https:\/\/lions-provins.com\/WP\/wp-content\/uploads\/2017\/01\/DSC_8969-300x199.jpg\" alt=\"\" width=\"300\" height=\"199\" \/> <img loading=\"lazy\" decoding=\"async\" class=\"alignnone size-medium wp-image-1211\" src=\"https:\/\/lions-provins.com\/WP\/wp-content\/uploads\/2017\/01\/DSC_8963-300x199.jpg\" alt=\"\" width=\"300\" height=\"199\" \/><\/p>\n<p>ici<\/p>\n<h6>Conf\u00e9rence avec Brigitte Delpech : fabrication et vente de produites laitiers\u00a0 \u00e0\u00a0 la ferme<\/h6>\n<p><a href=\"mailto:lafermedespetitsbois@gmail.com\" target=\"_blank\" rel=\"noopener noreferrer\">lafermedespetitsbois@gmail.com<\/a><br \/>\nfacebook : la ferme des petits bois<\/p>\n<h6 style=\"text-align: center;\">Notre op\u00e9ration Roses\u00a0 des\u00a0 23&amp;24 septembre :<\/h6>\n<p><a href=\"https:\/\/lions-provins.com\/WP\/wp-content\/uploads\/2016\/09\/nangis.jpg\" target=\"_blank\" rel=\"noopener noreferrer\"><img loading=\"lazy\" decoding=\"async\" src=\"https:\/\/lions-provins.com\/WP\/wp-content\/uploads\/2016\/09\/nangis-169x300.jpg\" alt=\"nangis\" width=\"266\" height=\"472\" \/><\/a><br \/>\nA NANGIS<\/p>\n<p><a href=\"https:\/\/lions-provins.com\/WP\/wp-content\/uploads\/2016\/09\/DSC_7930.jpg\" target=\"_blank\" rel=\"noopener noreferrer\"><img loading=\"lazy\" decoding=\"async\" src=\"https:\/\/lions-provins.com\/WP\/wp-content\/uploads\/2016\/09\/DSC_7930-300x199.jpg\" alt=\"dsc_7930\" width=\"384\" height=\"255\" \/><\/a><br \/>\n<span style=\"color: #000000;\">A PROVINS<\/span><\/p>\n","protected":false},"excerpt":{"rendered":"<p>notre passation 2017 Mardi 27 juin: Remise de chevrons: MUSIQUE Nangis et ses Zestivales &#8230; Notre m\u00e9c\u00e9nat : l&rsquo;\u00e9cole de musique de Nangis &amp; le groupe th\u00e9atral Errance Le partenariat est renouvel\u00e9 . Le prochain programme du groupe Errance Entente Longueville.SC.SL.SB : football club Un partenariat dans la cit\u00e9\u00a0 avec les jeunes site web : &hellip; <a href=\"https:\/\/lions-provins.com\/WP\/notre-annee_2016-2017\/\" class=\"more-link\">Continuer la lecture de <span class=\"screen-reader-text\">NOTRE ANNEE 2016-2017<\/span> <span class=\"meta-nav\">&rarr;<\/span><\/a><\/p>\n","protected":false},"author":1,"featured_media":0,"parent":0,"menu_order":0,"comment_status":"closed","ping_status":"closed","template":"elementor_header_footer","meta":{"footnotes":""},"class_list":["post-1084","page","type-page","status-publish","hentry"],"_links":{"self":[{"href":"https:\/\/lions-provins.com\/WP\/wp-json\/wp\/v2\/pages\/1084","targetHints":{"allow":["GET"]}}],"collection":[{"href":"https:\/\/lions-provins.com\/WP\/wp-json\/wp\/v2\/pages"}],"about":[{"href":"https:\/\/lions-provins.com\/WP\/wp-json\/wp\/v2\/types\/page"}],"author":[{"embeddable":true,"href":"https:\/\/lions-provins.com\/WP\/wp-json\/wp\/v2\/users\/1"}],"replies":[{"embeddable":true,"href":"https:\/\/lions-provins.com\/WP\/wp-json\/wp\/v2\/comments?post=1084"}],"version-history":[{"count":1,"href":"https:\/\/lions-provins.com\/WP\/wp-json\/wp\/v2\/pages\/1084\/revisions"}],"predecessor-version":[{"id":16503,"href":"https:\/\/lions-provins.com\/WP\/wp-json\/wp\/v2\/pages\/1084\/revisions\/16503"}],"wp:attachment":[{"href":"https:\/\/lions-provins.com\/WP\/wp-json\/wp\/v2\/media?parent=1084"}],"curies":[{"name":"wp","href":"https:\/\/api.w.org\/{rel}","templated":true}]}}